{"id":29,"date":"2024-01-04T19:11:09","date_gmt":"2024-01-04T19:11:09","guid":{"rendered":"https:\/\/www.dewannebiezz.nl\/shop\/?post_type=product&#038;p=29"},"modified":"2026-02-16T13:40:56","modified_gmt":"2026-02-16T13:40:56","slug":"de-een-na-laatste","status":"publish","type":"product","link":"https:\/\/www.dewannebiezz.nl\/shop\/product\/de-een-na-laatste\/","title":{"rendered":"De \u00e9\u00e9n na laatste"},"content":{"rendered":"<p>14e CD single van de Wannebiezz &#8211; De \u00e9\u00e9n na laatste<br \/>\nVan het album De Rest van de Best<\/p>\n<p>Release datum: april 2017<\/p>\n","protected":false},"excerpt":{"rendered":"<p>14e CD single van de Wannebiezz &#8211; De \u00e9\u00e9n na laatste Van het album De Rest van de Best Release datum: april 2017<\/p>\n","protected":false},"featured_media":56,"template":"","meta":[],"product_brand":[],"product_cat":[15,20,17],"product_tag":[],"class_list":{"0":"post-29","1":"product","2":"type-product","3":"status-publish","4":"has-post-thumbnail","6":"product_cat-geen-categorie","7":"product_cat-cd-single","8":"product_cat-cd-dvd","10":"first","11":"instock","12":"taxable","13":"shipping-taxable","14":"purchasable","15":"product-type-simple"},"jetpack_sharing_enabled":true,"_links":{"self":[{"href":"https:\/\/www.dewannebiezz.nl\/shop\/wp-json\/wp\/v2\/product\/29","targetHints":{"allow":["GET"]}}],"collection":[{"href":"https:\/\/www.dewannebiezz.nl\/shop\/wp-json\/wp\/v2\/product"}],"about":[{"href":"https:\/\/www.dewannebiezz.nl\/shop\/wp-json\/wp\/v2\/types\/product"}],"wp:featuredmedia":[{"embeddable":true,"href":"https:\/\/www.dewannebiezz.nl\/shop\/wp-json\/wp\/v2\/media\/56"}],"wp:attachment":[{"href":"https:\/\/www.dewannebiezz.nl\/shop\/wp-json\/wp\/v2\/media?parent=29"}],"wp:term":[{"taxonomy":"product_brand","embeddable":true,"href":"https:\/\/www.dewannebiezz.nl\/shop\/wp-json\/wp\/v2\/product_brand?post=29"},{"taxonomy":"product_cat","embeddable":true,"href":"https:\/\/www.dewannebiezz.nl\/shop\/wp-json\/wp\/v2\/product_cat?post=29"},{"taxonomy":"product_tag","embeddable":true,"href":"https:\/\/www.dewannebiezz.nl\/shop\/wp-json\/wp\/v2\/product_tag?post=29"}],"curies":[{"name":"wp","href":"https:\/\/api.w.org\/{rel}","templated":true}]}}