{"id":19,"date":"2024-01-04T19:11:08","date_gmt":"2024-01-04T19:11:08","guid":{"rendered":"https:\/\/www.dewannebiezz.nl\/shop\/?post_type=product&#038;p=19"},"modified":"2026-04-17T19:25:28","modified_gmt":"2026-04-17T19:25:28","slug":"de-rest-van-de-best","status":"publish","type":"product","link":"https:\/\/www.dewannebiezz.nl\/shop\/product\/de-rest-van-de-best\/","title":{"rendered":"De Rest van de Best"},"content":{"rendered":"<p>CD Album met 10 echte Wannebiezz tracks<\/p>\n<p>001 Als je &#8216;t geluk zoekt<br \/>\n002 Ik blijf me eige<br \/>\n003 Een spraakwatertje<br \/>\n004 Wat ik leuk vind aan jou<br \/>\n005 Komsie Komsa<br \/>\n006 De \u00e9\u00e9n na laatste<br \/>\n007 Mijn eerste vlam<br \/>\n008 H\u00e9la, roept de Akela<br \/>\n009 Naar de kroeg<br \/>\n010 Ode an Rotterdam<\/p>\n","protected":false},"excerpt":{"rendered":"<p>CD Album met 10 echte Wannebiezz tracks 001 Als je &#8216;t geluk zoekt 002 Ik blijf me eige 003 Een spraakwatertje 004 Wat ik leuk vind aan jou 005 Komsie Komsa 006 De \u00e9\u00e9n na laatste 007 Mijn eerste vlam 008 H\u00e9la, roept de Akela 009 Naar de kroeg 010 Ode an Rotterdam<\/p>\n","protected":false},"featured_media":49,"template":"","meta":[],"product_brand":[],"product_cat":[15,18],"product_tag":[],"class_list":{"0":"post-19","1":"product","2":"type-product","3":"status-publish","4":"has-post-thumbnail","6":"product_cat-geen-categorie","7":"product_cat-cd-album","9":"first","10":"instock","11":"taxable","12":"shipping-taxable","13":"purchasable","14":"product-type-simple"},"jetpack_sharing_enabled":true,"_links":{"self":[{"href":"https:\/\/www.dewannebiezz.nl\/shop\/wp-json\/wp\/v2\/product\/19","targetHints":{"allow":["GET"]}}],"collection":[{"href":"https:\/\/www.dewannebiezz.nl\/shop\/wp-json\/wp\/v2\/product"}],"about":[{"href":"https:\/\/www.dewannebiezz.nl\/shop\/wp-json\/wp\/v2\/types\/product"}],"wp:featuredmedia":[{"embeddable":true,"href":"https:\/\/www.dewannebiezz.nl\/shop\/wp-json\/wp\/v2\/media\/49"}],"wp:attachment":[{"href":"https:\/\/www.dewannebiezz.nl\/shop\/wp-json\/wp\/v2\/media?parent=19"}],"wp:term":[{"taxonomy":"product_brand","embeddable":true,"href":"https:\/\/www.dewannebiezz.nl\/shop\/wp-json\/wp\/v2\/product_brand?post=19"},{"taxonomy":"product_cat","embeddable":true,"href":"https:\/\/www.dewannebiezz.nl\/shop\/wp-json\/wp\/v2\/product_cat?post=19"},{"taxonomy":"product_tag","embeddable":true,"href":"https:\/\/www.dewannebiezz.nl\/shop\/wp-json\/wp\/v2\/product_tag?post=19"}],"curies":[{"name":"wp","href":"https:\/\/api.w.org\/{rel}","templated":true}]}}